{"id":83,"date":"2022-06-11T19:40:04","date_gmt":"2022-06-11T22:40:04","guid":{"rendered":"https:\/\/agacapital.org.ar\/_agnw\/?page_id=83"},"modified":"2024-03-27T15:13:49","modified_gmt":"2024-03-27T18:13:49","slug":"que-hacemos","status":"publish","type":"page","link":"https:\/\/www.agacapital.org.ar\/_agnw\/que-hacemos\/","title":{"rendered":"Qu\u00e9 Hacemos"},"content":{"rendered":"\n<p><strong>AGA es una Entidad representativa con la fuerza que le otorga su personer\u00eda jur\u00eddica<\/strong>&nbsp;para actuar ante los organismos p\u00fablicos y privados, en di\u00e1logos constructivos para logro de los objetivos previstos en su constituci\u00f3n.<\/p>\n\n\n\n<p><strong>M\u00e1s de 2600 socios sostienen esta asociaci\u00f3n<\/strong>&nbsp;que diariamente&nbsp;<strong>atiende no menos de 350 personas<\/strong>&nbsp;que encuentran apoyo t\u00e9cnico a la realizaci\u00f3n de sus tareas laborales y se nutren de las \u00faltimas novedades.<\/p>\n\n\n\n<p><strong>AGA atiende en su Sede Social de San Jos\u00e9 350 en horario de 8:00 a 16:30 de lunes a viernes<\/strong>. Con 5 l\u00edneas telef\u00f3nicas se brinda actualizados datos a los asociados que lo solicitan.<\/p>\n\n\n\n<p>Los socios, en la misma infraestructura, cuentan zona exclusiva equipada con:<br><strong>&#8211; Mesas de Trabajo<\/strong>.<br><strong>&#8211; <strong>M\u00e1quina de <\/strong>caf\u00e9<\/strong>.<br><strong>&#8211; Servicio de carga Celulares (sin cargo)<\/strong>.<br><strong>&#8211; Zona Wi Fi<\/strong>.<br><strong>&#8211; Servicio de uso de PC con conexi\u00f3n a internet<\/strong>.<br><strong>&#8211; M\u00e1quina de escribir.<\/strong><br><strong>&#8211; Fotocopias e Impresiones en general (precios preferenciales)<\/strong><\/p>\n\n\n\n<p>Un<strong>&nbsp;sector especializado en inform\u00e1tica<\/strong>, diariamente actualiza la&nbsp;<strong>PAGINA WEB<\/strong>&nbsp;en la que el asociado encuentra todas las novedades, informaci\u00f3n y material de gran utilidad para su tarea diaria.<\/p>\n\n\n\n<p>Nuestros Asociados se encuentran integrados en una Lista de Difusi\u00f3n con informaci\u00f3n actualizada y novedades v\u00eda WhatsApp.<\/p>\n\n\n\n<p>El suministro de informaci\u00f3n se complementa con la provisi\u00f3n de formularios para el cumplimiento de sus tareas registrales y variada bibliograf\u00eda jur\u00eddico-registral.<\/p>\n\n\n\n<p><strong>AGA<\/strong>, tiene esp\u00edritu de superaci\u00f3n constante y estudia sus planes para formaci\u00f3n de los<strong>&nbsp;\u201cmandatarios\u201d del futuro<\/strong>. Por ello, organiza cursos formativos con y sin matr\u00edcula de distintos temas de inter\u00e9s profesional, con el objeto de proveerles de m\u00e1s herramientas para la prestaci\u00f3n de servicios a sus clientes y amigos.<\/p>\n\n\n\n<p>Ocupados en contar con la informaci\u00f3n actualizada,&nbsp;<strong>AGA<\/strong>&nbsp;brinda a sus asociados&nbsp;<strong>Seminarios&nbsp;<\/strong>de temas t\u00e9cnico-registrales tanto del Registro Automotor como de la Dci\u00f3n. de Rentas de Capital y Prov. de Bs. As., y de asuntos jur\u00eddicos espec\u00edficos.<\/p>\n\n\n\n<p><strong>La Asociaci\u00f3n<\/strong>, en el aspecto social, realiz\u00f3 acuerdo de asistencia rec\u00edproca para la prestaci\u00f3n de servicios asistenciales con la<strong>&nbsp;entidad mutualista APROA Asociaci\u00f3n de Propietarios de Automotores y Mandatarios del Automotor<\/strong>.<\/p>\n","protected":false},"excerpt":{"rendered":"<p>AGA es una Entidad representativa con la fuerza que le otorga su personer\u00eda jur\u00eddica&nbsp;para actuar ante los organismos p\u00fablicos y privados, en di\u00e1logos constructivos para logro de los objetivos previstos en su constituci\u00f3n. M\u00e1s de 2600 socios sostienen esta asociaci\u00f3n&nbsp;que diariamente&nbsp;atiende no menos de 350 personas&nbsp;que encuentran apoyo t\u00e9cnico a la realizaci\u00f3n de sus tareas [&hellip;]<\/p>\n","protected":false},"author":1,"featured_media":0,"parent":0,"menu_order":0,"comment_status":"closed","ping_status":"closed","template":"","meta":{"footnotes":""},"class_list":["post-83","page","type-page","status-publish","hentry"],"nelio_popups_active_popup":"","_links":{"self":[{"href":"https:\/\/www.agacapital.org.ar\/_agnw\/wp-json\/wp\/v2\/pages\/83","targetHints":{"allow":["GET"]}}],"collection":[{"href":"https:\/\/www.agacapital.org.ar\/_agnw\/wp-json\/wp\/v2\/pages"}],"about":[{"href":"https:\/\/www.agacapital.org.ar\/_agnw\/wp-json\/wp\/v2\/types\/page"}],"author":[{"embeddable":true,"href":"https:\/\/www.agacapital.org.ar\/_agnw\/wp-json\/wp\/v2\/users\/1"}],"replies":[{"embeddable":true,"href":"https:\/\/www.agacapital.org.ar\/_agnw\/wp-json\/wp\/v2\/comments?post=83"}],"version-history":[{"count":9,"href":"https:\/\/www.agacapital.org.ar\/_agnw\/wp-json\/wp\/v2\/pages\/83\/revisions"}],"predecessor-version":[{"id":669,"href":"https:\/\/www.agacapital.org.ar\/_agnw\/wp-json\/wp\/v2\/pages\/83\/revisions\/669"}],"wp:attachment":[{"href":"https:\/\/www.agacapital.org.ar\/_agnw\/wp-json\/wp\/v2\/media?parent=83"}],"curies":[{"name":"wp","href":"https:\/\/api.w.org\/{rel}","templated":true}]}}