{"id":53,"date":"2022-06-11T15:32:49","date_gmt":"2022-06-11T18:32:49","guid":{"rendered":"https:\/\/agacapital.org.ar\/_agnw\/?page_id=53"},"modified":"2022-07-28T14:26:12","modified_gmt":"2022-07-28T17:26:12","slug":"53-2","status":"publish","type":"page","link":"https:\/\/www.agacapital.org.ar\/_agnw\/53-2\/","title":{"rendered":"Bienvenidos al sitio de la Asociaci\u00f3n de Gestores Administrativos de la Capital Federal."},"content":{"rendered":"\n<div align=\"center\">\n<p style=\"text-align: justify;\">Este sitio est\u00e1 creado con la finalidad de practicar una mayor comunicaci\u00f3n con los asociados y al mismo tiempo, destacar la presencia organizada de los \u201cMandatarios del Automotor Matriculados\u201d.<br>Sus mandantes, los compradores o titulares de automotores, podr\u00e1n entrar en un mundo profesional poco conocido para los propietarios de automotores en general y descubrir la importancia de la participaci\u00f3n del mandatario. como consecuencia de las normas de aplicaci\u00f3n, no s\u00f3lo desde lo jur\u00eddico-registral sino de lo tributario y de Tribunales de faltas correctivas.<\/p>\n<p style=\"text-align: center;\"><strong><strong>Comisi\u00f3n Directiva de AGA.<br><\/strong><\/strong><\/p>\n<hr>\n<\/div>\n","protected":false},"excerpt":{"rendered":"<p>Este sitio est\u00e1 creado con la finalidad de practicar una mayor comunicaci\u00f3n con los asociados y al mismo tiempo, destacar la presencia organizada de los \u201cMandatarios del Automotor Matriculados\u201d.Sus mandantes, los compradores o titulares de automotores, podr\u00e1n entrar en un mundo profesional poco conocido para los propietarios de automotores en general y descubrir la importancia [&hellip;]<\/p>\n","protected":false},"author":1,"featured_media":0,"parent":0,"menu_order":0,"comment_status":"closed","ping_status":"closed","template":"","meta":{"footnotes":""},"class_list":["post-53","page","type-page","status-publish","hentry"],"nelio_popups_active_popup":"","_links":{"self":[{"href":"https:\/\/www.agacapital.org.ar\/_agnw\/wp-json\/wp\/v2\/pages\/53","targetHints":{"allow":["GET"]}}],"collection":[{"href":"https:\/\/www.agacapital.org.ar\/_agnw\/wp-json\/wp\/v2\/pages"}],"about":[{"href":"https:\/\/www.agacapital.org.ar\/_agnw\/wp-json\/wp\/v2\/types\/page"}],"author":[{"embeddable":true,"href":"https:\/\/www.agacapital.org.ar\/_agnw\/wp-json\/wp\/v2\/users\/1"}],"replies":[{"embeddable":true,"href":"https:\/\/www.agacapital.org.ar\/_agnw\/wp-json\/wp\/v2\/comments?post=53"}],"version-history":[{"count":7,"href":"https:\/\/www.agacapital.org.ar\/_agnw\/wp-json\/wp\/v2\/pages\/53\/revisions"}],"predecessor-version":[{"id":409,"href":"https:\/\/www.agacapital.org.ar\/_agnw\/wp-json\/wp\/v2\/pages\/53\/revisions\/409"}],"wp:attachment":[{"href":"https:\/\/www.agacapital.org.ar\/_agnw\/wp-json\/wp\/v2\/media?parent=53"}],"curies":[{"name":"wp","href":"https:\/\/api.w.org\/{rel}","templated":true}]}}